{"id":258,"date":"2023-12-18T13:28:03","date_gmt":"2023-12-18T13:28:03","guid":{"rendered":"https:\/\/pagotest.webproducten.eu\/kabeltrommeln\/"},"modified":"2024-04-08T09:15:53","modified_gmt":"2024-04-08T09:15:53","slug":"kabeltrommeln","status":"publish","type":"page","link":"https:\/\/pagotest.webproducten.eu\/de\/kabeltrommeln\/","title":{"rendered":"Kabeltrommeln"},"content":{"rendered":"<p>[et_pb_section fb_built=&#8220;1&#8243; next_background_color=&#8220;#ffffff&#8220; admin_label=&#8220;section&#8220; _builder_version=&#8220;4.24.2&#8243; background_color_gradient_direction=&#8220;270deg&#8220; background_color_gradient_stops=&#8220;#354b8d 0%|rgba(0,0,0,0) 100%&#8220; background_color_gradient_start=&#8220;#000000&#8243; background_color_gradient_end=&#8220;rgba(0,0,0,0)&#8220; background_image=&#8220;https:\/\/pagotest.webproducten.eu\/wp-content\/uploads\/2023\/12\/17072011208-scaled.jpeg&#8220; custom_padding=&#8220;118px||118px||true|&#8220; bottom_divider_style=&#8220;ramp2&#8243; hover_enabled=&#8220;0&#8243; global_colors_info=&#8220;{}&#8220; sticky_enabled=&#8220;0&#8243;][et_pb_row column_structure=&#8220;2_3,1_3&#8243; module_class=&#8220; et_pb_row_fullwidth&#8220; _builder_version=&#8220;4.16&#8243; width=&#8220;89%&#8220; width_tablet=&#8220;80%&#8220; width_phone=&#8220;80%&#8220; width_last_edited=&#8220;on|desktop&#8220; max_width=&#8220;89%&#8220; max_width_tablet=&#8220;80%&#8220; max_width_phone=&#8220;80%&#8220; max_width_last_edited=&#8220;on|desktop&#8220; make_fullwidth=&#8220;on&#8220; global_colors_info=&#8220;{}&#8220;][et_pb_column type=&#8220;2_3&#8243; _builder_version=&#8220;4.16&#8243; custom_padding=&#8220;|||&#8220; global_colors_info=&#8220;{}&#8220; custom_padding__hover=&#8220;|||&#8220;][\/et_pb_column][et_pb_column type=&#8220;1_3&#8243; _builder_version=&#8220;4.16&#8243; custom_padding=&#8220;|||&#8220; global_colors_info=&#8220;{}&#8220; custom_padding__hover=&#8220;|||&#8220;][et_pb_text _builder_version=&#8220;4.24.2&#8243; text_font=&#8220;||||||||&#8220; link_font=&#8220;||||||||&#8220; header_font=&#8220;Ubuntu||||||||&#8220; header_text_align=&#8220;right&#8220; header_text_color=&#8220;#ff914d&#8220; header_font_size=&#8220;35px&#8220; header_letter_spacing=&#8220;1px&#8220; hover_enabled=&#8220;0&#8243; global_colors_info=&#8220;{}&#8220; sticky_enabled=&#8220;0&#8243; custom_margin=&#8220;||0px|||&#8220;]<\/p>\n<h1>Kabeltrommeln<\/h1>\n<p>[\/et_pb_text][et_pb_text _builder_version=&#8220;4.24.2&#8243; _module_preset=&#8220;default&#8220; text_font=&#8220;|600|||||||&#8220; text_text_color=&#8220;#FFFFFF&#8220; text_orientation=&#8220;right&#8220; hover_enabled=&#8220;0&#8243; sticky_enabled=&#8220;0&#8243;]<\/p>\n<p>Kabeltrommeln: organisiertes Kabelmanagement. Halte Kabel ordentlich aufgewickelt und gesch\u00fctzt. Nachhaltig und zuverl\u00e4ssig.<\/p>\n<p>[\/et_pb_text][\/et_pb_column][\/et_pb_row][\/et_pb_section][et_pb_section fb_built=&#8220;1&#8243; _builder_version=&#8220;4.24.0&#8243; use_background_color_gradient=&#8220;off&#8220; global_colors_info=&#8220;{}&#8220;][et_pb_row _builder_version=&#8220;4.16&#8243; global_colors_info=&#8220;{}&#8220;][et_pb_column type=&#8220;4_4&#8243; _builder_version=&#8220;4.16&#8243; custom_padding=&#8220;|||&#8220; global_colors_info=&#8220;{}&#8220; custom_padding__hover=&#8220;|||&#8220;][et_pb_text _builder_version=&#8220;4.24.2&#8243; _module_preset=&#8220;default&#8220; text_orientation=&#8220;center&#8220; global_colors_info=&#8220;{}&#8220;]<\/p>\n<h1 style=\"text-align: center;\">Kabeltrommeln<\/h1>\n<p>Kabeltrommeln sind unverzichtbar f\u00fcr ein geordnetes Kabelmanagement. Mit ihrem praktischen Design halten sie Kabel ordentlich aufgerollt und gesch\u00fctzt. Egal ob es sich um elektrische, Netzwerk- oder Audiokabel handelt, unsere hochwertigen Kabeltrommeln bieten Langlebigkeit und Zuverl\u00e4ssigkeit. Investieren Sie noch heute und genie\u00dfen Sie eine aufger\u00e4umte und sichere Umgebung.<\/p>\n<p>[\/et_pb_text][et_pb_button button_url=&#8220;https:\/\/haspel.expert\/kabelhaspels&#8220; url_new_window=&#8220;on&#8220; button_text=&#8220;W\u00e4hlen Sie hier Ihre Trommel aus&#8220; button_alignment=&#8220;center&#8220; _builder_version=&#8220;4.24.2&#8243; hover_enabled=&#8220;0&#8243; global_colors_info=&#8220;{}&#8220; button_text_size__hover_enabled=&#8220;off&#8220; button_one_text_size__hover_enabled=&#8220;off&#8220; button_two_text_size__hover_enabled=&#8220;off&#8220; button_text_color__hover_enabled=&#8220;on|hover&#8220; button_one_text_color__hover_enabled=&#8220;off&#8220; button_two_text_color__hover_enabled=&#8220;off&#8220; button_border_width__hover_enabled=&#8220;off&#8220; button_one_border_width__hover_enabled=&#8220;off&#8220; button_two_border_width__hover_enabled=&#8220;off&#8220; button_border_color__hover_enabled=&#8220;off&#8220; button_one_border_color__hover_enabled=&#8220;off&#8220; button_two_border_color__hover_enabled=&#8220;off&#8220; button_border_radius__hover_enabled=&#8220;off&#8220; button_one_border_radius__hover_enabled=&#8220;off&#8220; button_two_border_radius__hover_enabled=&#8220;off&#8220; button_letter_spacing__hover_enabled=&#8220;off&#8220; button_one_letter_spacing__hover_enabled=&#8220;off&#8220; button_two_letter_spacing__hover_enabled=&#8220;off&#8220; button_bg_color__hover_enabled=&#8220;off&#8220; button_one_bg_color__hover_enabled=&#8220;off&#8220; button_two_bg_color__hover_enabled=&#8220;off&#8220; custom_button=&#8220;on&#8220; sticky_enabled=&#8220;0&#8243;][\/et_pb_button][\/et_pb_column][\/et_pb_row][et_pb_row _builder_version=&#8220;4.16&#8243; global_colors_info=&#8220;{}&#8220;][et_pb_column type=&#8220;4_4&#8243; _builder_version=&#8220;4.16&#8243; custom_padding=&#8220;|||&#8220; global_colors_info=&#8220;{}&#8220; custom_padding__hover=&#8220;|||&#8220;][et_pb_gallery gallery_ids=&#8220;80,79,78,42,41,55&#8243; posts_number=&#8220;10&#8243; show_title_and_caption=&#8220;off&#8220; show_pagination=&#8220;off&#8220; _builder_version=&#8220;4.23.4&#8243; global_colors_info=&#8220;{}&#8220;][\/et_pb_gallery][\/et_pb_column][\/et_pb_row][\/et_pb_section]<\/p>\n","protected":false},"excerpt":{"rendered":"<p>KabeltrommelnKabeltrommeln: organisiertes Kabelmanagement. Halte Kabel ordentlich aufgewickelt und gesch\u00fctzt. Nachhaltig und zuverl\u00e4ssig.Kabeltrommeln Kabeltrommeln sind unverzichtbar f\u00fcr ein geordnetes Kabelmanagement. Mit ihrem praktischen Design halten sie Kabel ordentlich aufgerollt und gesch\u00fctzt. Egal ob es sich um elektrische, Netzwerk- oder Audiokabel handelt, unsere hochwertigen Kabeltrommeln bieten Langlebigkeit und Zuverl\u00e4ssigkeit. Investieren Sie noch heute und genie\u00dfen Sie eine [&hellip;]<\/p>\n","protected":false},"author":1,"featured_media":0,"parent":0,"menu_order":0,"comment_status":"closed","ping_status":"closed","template":"","meta":{"_et_pb_use_builder":"on","_et_pb_old_content":"","_et_gb_content_width":"","footnotes":""},"_links":{"self":[{"href":"https:\/\/pagotest.webproducten.eu\/de\/wp-json\/wp\/v2\/pages\/258"}],"collection":[{"href":"https:\/\/pagotest.webproducten.eu\/de\/wp-json\/wp\/v2\/pages"}],"about":[{"href":"https:\/\/pagotest.webproducten.eu\/de\/wp-json\/wp\/v2\/types\/page"}],"author":[{"embeddable":true,"href":"https:\/\/pagotest.webproducten.eu\/de\/wp-json\/wp\/v2\/users\/1"}],"replies":[{"embeddable":true,"href":"https:\/\/pagotest.webproducten.eu\/de\/wp-json\/wp\/v2\/comments?post=258"}],"version-history":[{"count":13,"href":"https:\/\/pagotest.webproducten.eu\/de\/wp-json\/wp\/v2\/pages\/258\/revisions"}],"predecessor-version":[{"id":274,"href":"https:\/\/pagotest.webproducten.eu\/de\/wp-json\/wp\/v2\/pages\/258\/revisions\/274"}],"wp:attachment":[{"href":"https:\/\/pagotest.webproducten.eu\/de\/wp-json\/wp\/v2\/media?parent=258"}],"curies":[{"name":"wp","href":"https:\/\/api.w.org\/{rel}","templated":true}]}}