{"id":308,"date":"2023-12-18T13:27:03","date_gmt":"2023-12-18T13:27:03","guid":{"rendered":"https:\/\/pagotest.webproducten.eu\/spulen\/"},"modified":"2024-04-08T12:53:03","modified_gmt":"2024-04-08T12:53:03","slug":"spulen","status":"publish","type":"page","link":"https:\/\/pagotest.webproducten.eu\/de\/","title":{"rendered":"Spulen"},"content":{"rendered":"<p>[et_pb_section fb_built=&#8220;1&#8243; admin_label=&#8220;section&#8220; _builder_version=&#8220;4.24.2&#8243; background_enable_color=&#8220;off&#8220; background_color_gradient_direction=&#8220;90deg&#8220; background_color_gradient_stops=&#8220;#395096 0%|rgba(175,104,36,0) 61%&#8220; background_image=&#8220;https:\/\/pagotest.webproducten.eu\/wp-content\/uploads\/2023\/12\/groot-groter-grootst-slide.jpg&#8220; allow_player_pause=&#8220;on&#8220; custom_padding=&#8220;70px||94px||false|false&#8220; bottom_divider_style=&#8220;ramp2&#8243; bottom_divider_repeat=&#8220;1x&#8220; bottom_divider_flip=&#8220;horizontal&#8220; hover_enabled=&#8220;0&#8243; global_colors_info=&#8220;{}&#8220; bottom_divider_color=&#8220;#FFFFFF&#8220; sticky_enabled=&#8220;0&#8243;][et_pb_row column_structure=&#8220;1_3,2_3&#8243; _builder_version=&#8220;4.23.4&#8243; width=&#8220;95%&#8220; max_width=&#8220;95%&#8220; use_custom_width=&#8220;on&#8220; width_unit=&#8220;off&#8220; custom_width_percent=&#8220;95%&#8220; global_colors_info=&#8220;{}&#8220;][et_pb_column type=&#8220;1_3&#8243; _builder_version=&#8220;4.16&#8243; custom_padding=&#8220;|||&#8220; global_colors_info=&#8220;{}&#8220; custom_padding__hover=&#8220;|||&#8220;][et_pb_text _builder_version=&#8220;4.24.2&#8243; text_font=&#8220;Ubuntu||||||||&#8220; text_text_color=&#8220;#ffffff&#8220; text_font_size=&#8220;18px&#8220; header_font=&#8220;Ubuntu||||||||&#8220; header_text_align=&#8220;left&#8220; header_text_color=&#8220;#ffffff&#8220; header_font_size=&#8220;56px&#8220; header_letter_spacing=&#8220;3px&#8220; text_text_shadow_style=&#8220;preset1&#8243; global_colors_info=&#8220;{}&#8220;]<\/p>\n<p>PAGO verf\u00fcgt \u00fcber eine Auswahl von \u00fcber 2.000 Haspeln.<\/p>\n<p>Wir haben einen <a href=\"http:\/\/www.haspel.expert\/\" target=\"_blank\" rel=\"noopener noreferrer\"><strong>digitalen Selektor<\/strong><\/a> entwickelt, der Ihnen dabei helfen kann, Ihr Wickelsystem zu finden.<\/p>\n<p>[\/et_pb_text][\/et_pb_column][et_pb_column type=&#8220;2_3&#8243; _builder_version=&#8220;4.16&#8243; custom_padding=&#8220;|||&#8220; global_colors_info=&#8220;{}&#8220; custom_padding__hover=&#8220;|||&#8220;][\/et_pb_column][\/et_pb_row][\/et_pb_section][et_pb_section fb_built=&#8220;1&#8243; _builder_version=&#8220;4.24.0&#8243; use_background_color_gradient=&#8220;off&#8220; global_colors_info=&#8220;{}&#8220;][et_pb_row _builder_version=&#8220;4.16&#8243; global_colors_info=&#8220;{}&#8220;][et_pb_column type=&#8220;4_4&#8243; _builder_version=&#8220;4.16&#8243; custom_padding=&#8220;|||&#8220; global_colors_info=&#8220;{}&#8220; custom_padding__hover=&#8220;|||&#8220;][et_pb_text _builder_version=&#8220;4.24.2&#8243; text_font=&#8220;Ubuntu||||||||&#8220; link_font=&#8220;||||||||&#8220; ul_font=&#8220;||||||||&#8220; ol_font=&#8220;||||||||&#8220; header_font=&#8220;||||||||&#8220; header_2_font=&#8220;Ubuntu|500|||||||&#8220; header_2_text_align=&#8220;center&#8220; header_2_text_color=&#8220;#000000&#8243; header_3_font=&#8220;||||||||&#8220; text_orientation=&#8220;center&#8220; global_colors_info=&#8220;{}&#8220;]<\/p>\n<h2 style=\"text-align: center;\">Was sind Haspeln?<\/h2>\n<p>Haspeln sind technische Vorrichtungen, die dazu dienen, ein Seil, einen Schlauch oder ein Kabel aufzurollen. Durch das Aufrollen des Mediums erh\u00e4lt man eine Lagerung des Mediums. Sehr n\u00fctzlich in Produktionsumgebungen. Das Aufrollen erfolgt durch einen Antrieb. Dieser Antrieb erfolgt manuell, mechanisch durch eine Spiralfeder, elektrisch, pneumatisch oder hydraulisch.<\/p>\n<p>[\/et_pb_text][\/et_pb_column][\/et_pb_row][et_pb_row column_structure=&#8220;1_3,1_3,1_3&#8243; _builder_version=&#8220;4.16&#8243; width=&#8220;87%&#8220; max_width=&#8220;87%&#8220; use_custom_width=&#8220;on&#8220; width_unit=&#8220;off&#8220; custom_width_percent=&#8220;87%&#8220; global_colors_info=&#8220;{}&#8220;][et_pb_column type=&#8220;1_3&#8243; _builder_version=&#8220;4.16&#8243; custom_padding=&#8220;|||&#8220; global_colors_info=&#8220;{}&#8220; custom_padding__hover=&#8220;|||&#8220;][et_pb_text _builder_version=&#8220;4.24.2&#8243; text_font=&#8220;Ubuntu||||||||&#8220; text_text_color=&#8220;#ffffff&#8220; text_font_size=&#8220;30px&#8220; text_letter_spacing=&#8220;1px&#8220; background_enable_color=&#8220;off&#8220; use_background_color_gradient=&#8220;on&#8220; background_color_gradient_stops=&#8220;#354b8d 0%|rgba(0,0,0,0) 55%&#8220; background_color_gradient_overlays_image=&#8220;on&#8220; background_color_gradient_start=&#8220;#232323&#8243; background_color_gradient_end=&#8220;rgba(0,0,0,0)&#8220; background_color_gradient_end_position=&#8220;55%&#8220; background_image=&#8220;https:\/\/pagotest.webproducten.eu\/wp-content\/uploads\/2023\/12\/FFX-011.jpeg&#8220; text_orientation=&#8220;center&#8220; custom_padding=&#8220;39px||450px||false&#8220; link_option_url=&#8220;https:\/\/pagotest.webproducten.eu\/slanghaspels\/&#8220; border_radii=&#8220;on|11px|11px|11px|11px&#8220; box_shadow_style=&#8220;preset1&#8243; global_colors_info=&#8220;{}&#8220; transform_styles__hover_enabled=&#8220;on|hover&#8220; transform_scale__hover_enabled=&#8220;on|hover&#8220; transform_translate__hover_enabled=&#8220;on|hover&#8220; transform_rotate__hover_enabled=&#8220;on|desktop&#8220; transform_skew__hover_enabled=&#8220;on|desktop&#8220; transform_origin__hover_enabled=&#8220;on|desktop&#8220; transform_scale__hover=&#8220;102%|102%&#8220; background__hover_enabled=&#8220;off|hover&#8220; background_color_gradient_stops__hover=&#8220;#232323 0%|rgba(0,0,0,0) 100%&#8220; use_background_color_gradient__hover=&#8220;on&#8220;]<\/p>\n<p>Schlauchhaspeln<\/p>\n<p>[\/et_pb_text][\/et_pb_column][et_pb_column type=&#8220;1_3&#8243; _builder_version=&#8220;4.16&#8243; custom_padding=&#8220;|||&#8220; global_colors_info=&#8220;{}&#8220; custom_padding__hover=&#8220;|||&#8220;][et_pb_text _builder_version=&#8220;4.24.2&#8243; text_font=&#8220;Ubuntu||||||||&#8220; text_text_color=&#8220;#ffffff&#8220; text_font_size=&#8220;30px&#8220; text_letter_spacing=&#8220;1px&#8220; use_background_color_gradient=&#8220;on&#8220; background_color_gradient_stops=&#8220;#354b8d 0%|rgba(0,0,0,0) 55%&#8220; background_color_gradient_overlays_image=&#8220;on&#8220; background_color_gradient_start=&#8220;#232323&#8243; background_color_gradient_end=&#8220;rgba(0,0,0,0)&#8220; background_color_gradient_end_position=&#8220;55%&#8220; background_image=&#8220;https:\/\/pagotest.webproducten.eu\/wp-content\/uploads\/2023\/12\/FVD-009.jpeg&#8220; text_orientation=&#8220;center&#8220; custom_padding=&#8220;39px||450px||false&#8220; link_option_url=&#8220;https:\/\/pagotest.webproducten.eu\/de\/kabeltrommeln\/&#8220; border_radii=&#8220;on|11px|11px|11px|11px&#8220; box_shadow_style=&#8220;preset1&#8243; global_colors_info=&#8220;{}&#8220; transform_styles__hover_enabled=&#8220;on|hover&#8220; transform_scale__hover_enabled=&#8220;on|hover&#8220; transform_translate__hover_enabled=&#8220;on|desktop&#8220; transform_rotate__hover_enabled=&#8220;on|desktop&#8220; transform_skew__hover_enabled=&#8220;on|desktop&#8220; transform_origin__hover_enabled=&#8220;on|desktop&#8220; transform_scale__hover=&#8220;102%|102%&#8220;]<\/p>\n<p>Kabeltrommeln<\/p>\n<p>[\/et_pb_text][\/et_pb_column][et_pb_column type=&#8220;1_3&#8243; _builder_version=&#8220;4.16&#8243; custom_padding=&#8220;|||&#8220; global_colors_info=&#8220;{}&#8220; custom_padding__hover=&#8220;|||&#8220;][et_pb_text _builder_version=&#8220;4.24.2&#8243; text_font=&#8220;Ubuntu||||||||&#8220; text_text_color=&#8220;#ffffff&#8220; text_font_size=&#8220;30px&#8220; text_letter_spacing=&#8220;1px&#8220; use_background_color_gradient=&#8220;on&#8220; background_color_gradient_stops=&#8220;#354b8d 0%|rgba(0,0,0,0) 55%&#8220; background_color_gradient_overlays_image=&#8220;on&#8220; background_color_gradient_start=&#8220;#232323&#8243; background_color_gradient_end=&#8220;rgba(0,0,0,0)&#8220; background_color_gradient_end_position=&#8220;55%&#8220; background_image=&#8220;https:\/\/pagotest.webproducten.eu\/wp-content\/uploads\/2023\/12\/DSCN1739_1.jpeg&#8220; text_orientation=&#8220;center&#8220; custom_padding=&#8220;39px||450px||false&#8220; link_option_url=&#8220;https:\/\/pagotest.webproducten.eu\/opslaghaspels\/&#8220; border_radii=&#8220;on|11px|11px|11px|11px&#8220; box_shadow_style=&#8220;preset1&#8243; global_colors_info=&#8220;{}&#8220; transform_styles__hover_enabled=&#8220;on|hover&#8220; transform_scale__hover_enabled=&#8220;on|hover&#8220; transform_translate__hover_enabled=&#8220;on|desktop&#8220; transform_rotate__hover_enabled=&#8220;on|desktop&#8220; transform_skew__hover_enabled=&#8220;on|desktop&#8220; transform_origin__hover_enabled=&#8220;on|desktop&#8220; transform_scale__hover=&#8220;102%|102%&#8220;]<\/p>\n<p>Lagerhaspeln<\/p>\n<p>[\/et_pb_text][\/et_pb_column][\/et_pb_row][\/et_pb_section]<\/p>\n","protected":false},"excerpt":{"rendered":"<p>PAGO verf\u00fcgt \u00fcber eine Auswahl von \u00fcber 2.000 Haspeln. Wir haben einen digitalen Selektor entwickelt, der Ihnen dabei helfen kann, Ihr Wickelsystem zu finden.Was sind Haspeln? Haspeln sind technische Vorrichtungen, die dazu dienen, ein Seil, einen Schlauch oder ein Kabel aufzurollen. Durch das Aufrollen des Mediums erh\u00e4lt man eine Lagerung des Mediums. Sehr n\u00fctzlich in [&hellip;]<\/p>\n","protected":false},"author":1,"featured_media":0,"parent":0,"menu_order":0,"comment_status":"closed","ping_status":"closed","template":"","meta":{"_et_pb_use_builder":"on","_et_pb_old_content":"","_et_gb_content_width":"","footnotes":""},"_links":{"self":[{"href":"https:\/\/pagotest.webproducten.eu\/de\/wp-json\/wp\/v2\/pages\/308"}],"collection":[{"href":"https:\/\/pagotest.webproducten.eu\/de\/wp-json\/wp\/v2\/pages"}],"about":[{"href":"https:\/\/pagotest.webproducten.eu\/de\/wp-json\/wp\/v2\/types\/page"}],"author":[{"embeddable":true,"href":"https:\/\/pagotest.webproducten.eu\/de\/wp-json\/wp\/v2\/users\/1"}],"replies":[{"embeddable":true,"href":"https:\/\/pagotest.webproducten.eu\/de\/wp-json\/wp\/v2\/comments?post=308"}],"version-history":[{"count":2,"href":"https:\/\/pagotest.webproducten.eu\/de\/wp-json\/wp\/v2\/pages\/308\/revisions"}],"predecessor-version":[{"id":310,"href":"https:\/\/pagotest.webproducten.eu\/de\/wp-json\/wp\/v2\/pages\/308\/revisions\/310"}],"wp:attachment":[{"href":"https:\/\/pagotest.webproducten.eu\/de\/wp-json\/wp\/v2\/media?parent=308"}],"curies":[{"name":"wp","href":"https:\/\/api.w.org\/{rel}","templated":true}]}}