{"id":320,"date":"2023-12-18T13:27:45","date_gmt":"2023-12-18T13:27:45","guid":{"rendered":"https:\/\/pagotest.webproducten.eu\/schlauchaufroller\/"},"modified":"2024-04-12T10:33:22","modified_gmt":"2024-04-12T10:33:22","slug":"schlauchaufroller","status":"publish","type":"page","link":"https:\/\/pagotest.webproducten.eu\/de\/schlauchaufroller\/","title":{"rendered":"Schlauchaufroller"},"content":{"rendered":"<p>[et_pb_section fb_built=&#8220;1&#8243; next_background_color=&#8220;#ffffff&#8220; admin_label=&#8220;section&#8220; _builder_version=&#8220;4.24.2&#8243; background_color_gradient_direction=&#8220;270deg&#8220; background_color_gradient_stops=&#8220;#354b8d 0%|rgba(0,0,0,0) 62%&#8220; background_color_gradient_start=&#8220;#000000&#8243; background_color_gradient_end=&#8220;rgba(0,0,0,0)&#8220; background_color_gradient_end_position=&#8220;62%&#8220; background_image=&#8220;https:\/\/pagotest.webproducten.eu\/wp-content\/uploads\/2023\/12\/DSCN3831.jpeg&#8220; custom_padding=&#8220;110px||110px||true&#8220; bottom_divider_style=&#8220;ramp2&#8243; hover_enabled=&#8220;0&#8243; global_colors_info=&#8220;{}&#8220; sticky_enabled=&#8220;0&#8243;][et_pb_row column_structure=&#8220;2_3,1_3&#8243; module_class=&#8220; et_pb_row_fullwidth&#8220; _builder_version=&#8220;4.16&#8243; width=&#8220;89%&#8220; width_tablet=&#8220;80%&#8220; width_phone=&#8220;80%&#8220; width_last_edited=&#8220;on|desktop&#8220; max_width=&#8220;89%&#8220; max_width_tablet=&#8220;80%&#8220; max_width_phone=&#8220;80%&#8220; max_width_last_edited=&#8220;on|desktop&#8220; make_fullwidth=&#8220;on&#8220; global_colors_info=&#8220;{}&#8220;][et_pb_column type=&#8220;2_3&#8243; _builder_version=&#8220;4.16&#8243; custom_padding=&#8220;|||&#8220; global_colors_info=&#8220;{}&#8220; custom_padding__hover=&#8220;|||&#8220;][\/et_pb_column][et_pb_column type=&#8220;1_3&#8243; _builder_version=&#8220;4.16&#8243; custom_padding=&#8220;|||&#8220; global_colors_info=&#8220;{}&#8220; custom_padding__hover=&#8220;|||&#8220;][et_pb_text _builder_version=&#8220;4.24.2&#8243; text_font=&#8220;Ubuntu||||||||&#8220; text_text_color=&#8220;#ffffff&#8220; text_font_size=&#8220;16px&#8220; header_font=&#8220;Ubuntu||||||||&#8220; header_text_align=&#8220;right&#8220; header_text_color=&#8220;#ff914d&#8220; header_font_size=&#8220;37px&#8220; header_letter_spacing=&#8220;1px&#8220; text_orientation=&#8220;right&#8220; hover_enabled=&#8220;0&#8243; global_colors_info=&#8220;{}&#8220; sticky_enabled=&#8220;0&#8243;]<\/p>\n<h1>Schlauchaufroller<\/h1>\n<p>Slanghaspels werden \u00fcberall industriell eingesetzt. Sie erleichtern die Arbeit.<\/p>\n<p>[\/et_pb_text][\/et_pb_column][\/et_pb_row][\/et_pb_section][et_pb_section fb_built=&#8220;1&#8243; _builder_version=&#8220;4.24.0&#8243; use_background_color_gradient=&#8220;off&#8220; custom_padding=&#8220;39px|||||&#8220; global_colors_info=&#8220;{}&#8220;][et_pb_row _builder_version=&#8220;4.16&#8243; global_colors_info=&#8220;{}&#8220;][et_pb_column type=&#8220;4_4&#8243; _builder_version=&#8220;4.16&#8243; custom_padding=&#8220;|||&#8220; global_colors_info=&#8220;{}&#8220; custom_padding__hover=&#8220;|||&#8220;][et_pb_text _builder_version=&#8220;4.24.2&#8243; text_font=&#8220;Ubuntu||||||||&#8220; text_orientation=&#8220;center&#8220; global_colors_info=&#8220;{}&#8220;]<\/p>\n<h1>Was sind Schlauchhaspeln?<\/h1>\n<p>&nbsp;<\/p>\n<p>Sobald eine Fl\u00fcssigkeit oder ein Gas \u00fcber eine kurze Strecke transportiert werden muss, wird oft eine Haspel gew\u00e4hlt. F\u00fcr jedes Gas oder jede Fl\u00fcssigkeit wird ein spezifischer Schlauch mit den entsprechenden Dichtungsmaterialien ben\u00f6tigt. Je nach Anwendung kann die Haspel mit verschiedenen Antrieben ausgestattet sein. Jedes Aufrollsystem kann aus verschiedenen Materialien aufgebaut sein. Stahl, Edelstahl 304, Edelstahl 316, Aluminium, Kunststoff. Wir haben verschiedene Standard-Aufroller, die standardm\u00e4\u00dfig aufgebaut sind. Um eine schnelle Auswahl zu treffen.<span> <\/span><span><strong><a href=\"http:\/\/www.haspel.expert\/\" target=\"_blank\" rel=\"noopener noreferrer\">Klicken Sie hier, um zu unserem Auswahlsystem zu gelangen.<\/a><\/strong><\/span><\/p>\n<p>Um die Vielfalt an Schlauchhaspeln \u00fcbersichtlich zu gestalten, haben wir Unterteilungen vorgenommen in:<\/p>\n<p>[\/et_pb_text][et_pb_button button_url=&#8220;https:\/\/haspel.expert\/nl\/pago-slanghaspels&#8220; url_new_window=&#8220;on&#8220; button_text=&#8220;W\u00e4hlen Sie hier Ihre Trommel aus.&#8220; button_alignment=&#8220;center&#8220; _builder_version=&#8220;4.16&#8243; global_colors_info=&#8220;{}&#8220; button_text_size__hover_enabled=&#8220;off&#8220; button_one_text_size__hover_enabled=&#8220;off&#8220; button_two_text_size__hover_enabled=&#8220;off&#8220; button_text_color__hover_enabled=&#8220;off&#8220; button_one_text_color__hover_enabled=&#8220;off&#8220; button_two_text_color__hover_enabled=&#8220;off&#8220; button_border_width__hover_enabled=&#8220;off&#8220; button_one_border_width__hover_enabled=&#8220;off&#8220; button_two_border_width__hover_enabled=&#8220;off&#8220; button_border_color__hover_enabled=&#8220;off&#8220; button_one_border_color__hover_enabled=&#8220;off&#8220; button_two_border_color__hover_enabled=&#8220;off&#8220; button_border_radius__hover_enabled=&#8220;off&#8220; button_one_border_radius__hover_enabled=&#8220;off&#8220; button_two_border_radius__hover_enabled=&#8220;off&#8220; button_letter_spacing__hover_enabled=&#8220;off&#8220; button_one_letter_spacing__hover_enabled=&#8220;off&#8220; button_two_letter_spacing__hover_enabled=&#8220;off&#8220; button_bg_color__hover_enabled=&#8220;off&#8220; button_one_bg_color__hover_enabled=&#8220;off&#8220; button_two_bg_color__hover_enabled=&#8220;off&#8220;][\/et_pb_button][et_pb_text _builder_version=&#8220;4.16&#8243; text_font=&#8220;||||||||&#8220; header_font=&#8220;||||||||&#8220; header_2_font=&#8220;Ubuntu||||||||&#8220; header_2_text_align=&#8220;center&#8220; header_3_font=&#8220;Ubuntu||||||||&#8220; header_3_text_align=&#8220;center&#8220; custom_padding=&#8220;20px|||&#8220; global_colors_info=&#8220;{}&#8220;]<\/p>\n<h2>Die verschiedenen Typen von Schlauchhaspeln:<\/h2>\n<p>&nbsp;<\/p>\n<p>[\/et_pb_text][\/et_pb_column][\/et_pb_row][et_pb_row column_structure=&#8220;1_3,1_3,1_3&#8243; _builder_version=&#8220;4.16&#8243; global_colors_info=&#8220;{}&#8220;][et_pb_column type=&#8220;1_3&#8243; _builder_version=&#8220;4.16&#8243; custom_padding=&#8220;|||&#8220; global_colors_info=&#8220;{}&#8220; custom_padding__hover=&#8220;|||&#8220;][et_pb_blurb title=&#8220;Wasserschlauchhaspel&#8220; image=&#8220;https:\/\/pagotest.webproducten.eu\/wp-content\/uploads\/2023\/12\/FFX-028.bmp&#8220; image_icon_width=&#8220;78%&#8220; _builder_version=&#8220;4.16&#8243; header_font=&#8220;Ubuntu||||||||&#8220; header_text_align=&#8220;center&#8220; header_font_size=&#8220;23px&#8220; header_letter_spacing=&#8220;1px&#8220; body_font=&#8220;||||||||&#8220; body_text_align=&#8220;justify&#8220; animation_direction=&#8220;left&#8220; image_max_width=&#8220;78%&#8220; global_colors_info=&#8220;{}&#8220;]<\/p>\n<p>Wasserschlauchhaspeln werden in Gro\u00dfk\u00fcchen, Metzgereien, Schlachth\u00e4usern, Autowaschanlagen und vielen anderen Orten eingesetzt, wo Wasser ben\u00f6tigt wird.<\/p>\n<p>Diese Haspeln verf\u00fcgen \u00fcber eine Blockiereinrichtung, damit der Bediener den Schlauch leicht ausrollen und auch wieder aufrollen kann.<\/p>\n<p>Mit einer Spritzlanze oder einer Spr\u00fchd\u00fcse wird die Arbeit effizienter und leichter.<\/p>\n<p>[\/et_pb_blurb][et_pb_blurb title=&#8220;Pneumatische Schlauchhaspel&#8220; _builder_version=&#8220;4.24.0&#8243; header_font=&#8220;Ubuntu||||||||&#8220; header_text_align=&#8220;center&#8220; header_font_size=&#8220;23px&#8220; header_letter_spacing=&#8220;1px&#8220; body_font=&#8220;||||||||&#8220; body_text_align=&#8220;justify&#8220; animation_direction=&#8220;left&#8220; global_colors_info=&#8220;{}&#8220;]Suchen Sie nach einer zuverl\u00e4ssigen Druckluftschlauchhaspel? At PAGO Oprolsystemen finden Sie \u00fcber 2000 Haspeln. Von Feder-Ausf\u00fchrungen bis hin zu elektrischen Aufrollern haben wir die perfekte L\u00f6sung f\u00fcr Sie. Mit unserer speziellen Saugpistole wird Ihre Arbeit leichter. W\u00e4hlen Sie zwischen lackiertem Stahl oder Edelstahl, je nach Ihren Bed\u00fcrfnissen.[\/et_pb_blurb][et_pb_blurb title=&#8220;Hochdruckreiniger-Haspel&#8220; _builder_version=&#8220;4.24.0&#8243; header_font=&#8220;Ubuntu||||||||&#8220; header_text_align=&#8220;center&#8220; header_font_size=&#8220;23px&#8220; header_letter_spacing=&#8220;1px&#8220; body_font=&#8220;||||||||&#8220; body_text_align=&#8220;justify&#8220; animation_direction=&#8220;left&#8220; global_colors_info=&#8220;{}&#8220;]Leistungsstarke Hochdruckreiniger-Haspel. W\u00e4hlen Sie zwischen Feder- oder elektrisch aufrollender Ausf\u00fchrung. Mit speziellem Saugpistole und Druckluftfunktion. Fernbedienung m\u00f6glich. Erh\u00e4ltlich in lackiertem Stahl und Edelstahl. W\u00e4hlen Sie das Beste f\u00fcr Ihre Situation aus.[\/et_pb_blurb][et_pb_blurb title=&#8220;Kraftstoffhaspel&#8220; image=&#8220;https:\/\/pagotest.webproducten.eu\/wp-content\/uploads\/2024\/01\/RVS-haspel-1.jpeg&#8220; image_icon_width=&#8220;78%&#8220; _builder_version=&#8220;4.23.4&#8243; header_font=&#8220;Ubuntu||||||||&#8220; header_text_align=&#8220;center&#8220; header_font_size=&#8220;23px&#8220; header_letter_spacing=&#8220;1px&#8220; body_font=&#8220;||||||||&#8220; body_text_align=&#8220;justify&#8220; animation_direction=&#8220;left&#8220; image_max_width=&#8220;78%&#8220; global_colors_info=&#8220;{}&#8220;]<\/p>\n<p>Die Kraftstoffhaspel wurde entwickelt, um verschiedene Arten von Kraftstoffen wie Benzin, Diesel, Kerosin, Avgas usw. zu transportieren.<\/p>\n<p>In Ihrer Garage, auf Flugh\u00e4fen sowie in der Offshore-Industrie wird diese Haspel h\u00e4ufig eingesetzt.<\/p>\n<p>Eingebaut unter dem Boden oder auf einem Lastwagen.<\/p>\n<p>Das Heiz\u00f6l, das Ihnen nach Hause geliefert wird, gelangt \u00fcber diese Haspeln.<\/p>\n<p>Die Belieferung der Tankstellen erfolgt auch \u00fcber Tanklastwagen, die mit einer Haspel ausgestattet sein k\u00f6nnen.<\/p>\n<p>Die Haspeln werden sowohl in lackiertem Stahl als auch in rostfreiem Stahl geliefert.<\/p>\n<p>[\/et_pb_blurb][et_pb_blurb title=&#8220;Staubsaugerhaspel&#8220; image_icon_width=&#8220;78%&#8220; _builder_version=&#8220;4.23.4&#8243; header_font=&#8220;Ubuntu||||||||&#8220; header_text_align=&#8220;center&#8220; header_font_size=&#8220;23px&#8220; header_letter_spacing=&#8220;1px&#8220; body_font=&#8220;||||||||&#8220; body_text_align=&#8220;justify&#8220; animation_direction=&#8220;left&#8220; image_max_width=&#8220;78%&#8220; global_colors_info=&#8220;{}&#8220;]<\/p>\n<p>Die ideale L\u00f6sung zum Absaugen von Tabak, Staub, Granulaten, Rauch oder D\u00e4mpfen in Werkst\u00e4tten mit einer zentralen Absauganlage.<\/p>\n<p>Dank ihres kompakten Designs k\u00f6nnen diese Haspeln in Polierabteilungen, Auto- und LKW-Waschanlagen, Granulatbehandlungen usw. eingesetzt werden.<\/p>\n<p>Wenn Sie kein zentrales Absaugsystem haben, k\u00f6nnen Sie mit einem Industriestaubsauger und dieser Haspel Ihre Arbeitsumgebung wieder sch\u00f6n sauber bekommen.<\/p>\n<p>Die Haspel kann als Feder- oder auch als computergesteuerte elektrische Aufrollausf\u00fchrung ausgef\u00fchrt werden.<\/p>\n<p>Ein spezielles Saugpistole, das auch Druckluft blasen kann, kann Ihre Arbeit erleichtern.<\/p>\n<p>Der Schlauch kann mit einem elektrischen Signal ausgestattet werden, damit Sie den Staubsauger aus der Ferne ausschalten k\u00f6nnen.<\/p>\n<p>Die Haspeln werden sowohl in lackiertem Stahl als auch in rostfreiem Stahl geliefert.<\/p>\n<p>[\/et_pb_blurb][\/et_pb_column][et_pb_column type=&#8220;1_3&#8243; _builder_version=&#8220;4.16&#8243; custom_padding=&#8220;|||&#8220; global_colors_info=&#8220;{}&#8220; custom_padding__hover=&#8220;|||&#8220;][et_pb_blurb title=&#8220;Hydraulikhaspel&#8220; url=&#8220;http:\/\/Meer%20info&#8220; url_new_window=&#8220;on&#8220; image=&#8220;https:\/\/pagotest.webproducten.eu\/wp-content\/uploads\/2023\/12\/FGS-004-scaled-e1702911433126.jpg&#8220; _builder_version=&#8220;4.24.2&#8243; header_font=&#8220;Ubuntu||||||||&#8220; header_text_align=&#8220;center&#8220; header_font_size=&#8220;23px&#8220; header_letter_spacing=&#8220;1px&#8220; body_font=&#8220;||||||||&#8220; body_text_align=&#8220;justify&#8220; animation_direction=&#8220;left&#8220; global_colors_info=&#8220;{}&#8220;]<\/p>\n<p>Diese Federhaspeln sind speziell f\u00fcr hydraulische Anwendungen konzipiert.<\/p>\n<p>Unsere umfangreiche Produktpalette erm\u00f6glicht das Wickeln von bis zu 4 Schl\u00e4uchen auf einer Haspel. Optional k\u00f6nnen wir die Haspel als Kombihaspel ausf\u00fchren, sodass eine Leitung mit Stromkabeln gef\u00fcllt wird. Ein technisches Meisterwerk, das z\u00e4hlt.<\/p>\n<p>Zus\u00e4tzlich haben wir auch hydraulische Haspeln, bei denen zwei Trommeln separat auf einer Welle montiert sind. Diese Anwendung ist besonders interessant f\u00fcr Anwendungen mit verschiedenen Schlauchdurchmessern. Die Haspeln werden sowohl in lackiertem Stahl als auch in rostfreiem Stahl geliefert.<\/p>\n<p>[\/et_pb_blurb][et_pb_blurb title=&#8220;AdBlue-Haspeln&#8220; image=&#8220;https:\/\/pagotest.webproducten.eu\/wp-content\/uploads\/2024\/01\/ffx-065.jpg&#8220; image_icon_width=&#8220;78%&#8220; _builder_version=&#8220;4.23.4&#8243; header_font=&#8220;Ubuntu||||||||&#8220; header_text_align=&#8220;center&#8220; header_font_size=&#8220;23px&#8220; header_letter_spacing=&#8220;1px&#8220; body_font=&#8220;||||||||&#8220; body_text_align=&#8220;justify&#8220; animation_direction=&#8220;left&#8220; image_max_width=&#8220;78%&#8220; global_colors_info=&#8220;{}&#8220;]<\/p>\n<p>AdBlue ist eine farblose, hochwertige und biologisch abbaubare Harnstoffl\u00f6sung.<\/p>\n<p>AdBlue wird von den Lkw-Herstellern ben\u00f6tigt, damit die Lastwagen den neuen Emissionsstandards entsprechen.<\/p>\n<p>Wir haben mehrere Modelle, die verwendet werden k\u00f6nnen.<br \/>Edelstahl-Schlauchhaspeln<br \/>Schlauchhaspeln mit einem Innenraum aus rostfreiem Stahl<\/p>\n<p>[\/et_pb_blurb][et_pb_blurb title=&#8220;Fettes Spulen&#8220; image=&#8220;https:\/\/pagotest.webproducten.eu\/wp-content\/uploads\/2024\/01\/FFX-008-1.jpeg&#8220; image_icon_width=&#8220;78%&#8220; _builder_version=&#8220;4.23.4&#8243; header_font=&#8220;Ubuntu||||||||&#8220; header_text_align=&#8220;center&#8220; header_font_size=&#8220;23px&#8220; header_letter_spacing=&#8220;1px&#8220; body_font=&#8220;||||||||&#8220; body_text_align=&#8220;justify&#8220; animation_direction=&#8220;left&#8220; image_max_width=&#8220;78%&#8220; global_colors_info=&#8220;{}&#8220;]<\/p>\n<p>Die Fettpatrone ist eine Haspel, die verschiedene Arten von Fetten transportieren kann.<\/p>\n<p>H\u00f6here Dr\u00fccke sind erforderlich, um dies zu erm\u00f6glichen.<\/p>\n<p>Dieser Typ von Haspel findet haupts\u00e4chlich Anwendung in Garagen und Wartungswerkst\u00e4tten, wird aber auch in anderen Industriezweigen eingesetzt.<\/p>\n<p>Die Haspeln werden sowohl in lackiertem Stahl als auch in rostfreiem Stahl geliefert.<\/p>\n<p>[\/et_pb_blurb][et_pb_blurb title=&#8220;Atemluft-Haspel&#8220; image_icon_width=&#8220;78%&#8220; _builder_version=&#8220;4.23.4&#8243; header_font=&#8220;Ubuntu||||||||&#8220; header_text_align=&#8220;center&#8220; header_font_size=&#8220;23px&#8220; header_letter_spacing=&#8220;1px&#8220; body_font=&#8220;||||||||&#8220; body_text_align=&#8220;justify&#8220; animation_direction=&#8220;left&#8220; image_max_width=&#8220;78%&#8220; global_colors_info=&#8220;{}&#8220;]<\/p>\n<p>Dieser Typ von Haspel wird verwendet, um Sauerstoff zu transportieren.<\/p>\n<p>Diese Haspeln werden in der Regel in einer Umgebung verwendet, um Arbeitern auf eine benutzerfreundliche Weise Atemluft zu liefern.<\/p>\n<p>Du kannst jederzeit Atemluft zur Verf\u00fcgung stellen.<\/p>\n<p>Diese Haspeln werden f\u00fcr Feuerwehr, Bergbau&#8230; verwendet.<\/p>\n<p>[\/et_pb_blurb][et_pb_blurb title=&#8220;Farbhaspel&#8220; image_icon_width=&#8220;78%&#8220; _builder_version=&#8220;4.23.4&#8243; header_font=&#8220;Ubuntu||||||||&#8220; header_text_align=&#8220;center&#8220; header_font_size=&#8220;23px&#8220; header_letter_spacing=&#8220;1px&#8220; body_font=&#8220;||||||||&#8220; body_text_align=&#8220;justify&#8220; animation_direction=&#8220;left&#8220; image_max_width=&#8220;78%&#8220; global_colors_info=&#8220;{}&#8220;]<\/p>\n<p>Die Farbrolle ist eine Rolle, die f\u00fcr den Automobilsektor entwickelt wurde.<\/p>\n<p>Diese Haspeln haben 2 Schl\u00e4uche. (1 f\u00fcr die Farbe und 1 f\u00fcr die Druckluft zum Spr\u00fchen)<\/p>\n<p>Da die Farbe nicht mit der Luft in Kontakt kommt, kann sie einfach im Schlauch verbleiben.<\/p>\n<p>Die Produktivit\u00e4t steigt deutlich an, und der Lackierer hat keine Probleme mehr mit dem Schlauch, der ihm im Weg liegt.<\/p>\n<p>Die Haspeln werden sowohl in lackiertem Stahl als auch in rostfreiem Stahl geliefert.<\/p>\n<p>[\/et_pb_blurb][\/et_pb_column][et_pb_column type=&#8220;1_3&#8243; _builder_version=&#8220;4.16&#8243; custom_padding=&#8220;|||&#8220; global_colors_info=&#8220;{}&#8220; custom_padding__hover=&#8220;|||&#8220;][et_pb_blurb title=&#8220;Zwillingshaspeln&#8220; image=&#8220;https:\/\/pagotest.webproducten.eu\/wp-content\/uploads\/2023\/12\/ezpwtm.jpeg&#8220; _builder_version=&#8220;4.16&#8243; header_font=&#8220;Ubuntu||||||||&#8220; header_text_align=&#8220;center&#8220; header_font_size=&#8220;23px&#8220; header_letter_spacing=&#8220;1px&#8220; body_font=&#8220;||||||||&#8220; body_text_align=&#8220;justify&#8220; animation_direction=&#8220;left&#8220; global_colors_info=&#8220;{}&#8220;]<\/p>\n<p>Die Twin-Haspeln sind standardm\u00e4\u00dfig mit einem speziell entworfenen Schwenkkopf ausgestattet, der mit EPR-Dichtungen versehen ist. Um eine falsche Verbindung zu verhindern, wurde der Acetylenanschluss mit einer klaren Markierung versehen.<\/p>\n<p>Die manuell betriebenen Twin-Haspeln wurden f\u00fcr Schwei\u00dfanwendungen mit langen Schlauchl\u00e4ngen entwickelt. Das Aufrollen erfolgt durch eine seitliche Kurbel mit Getriebe. Diese Haspeln werden aufgrund ihrer gro\u00dfen Schlauchkapazit\u00e4t h\u00e4ufig in Werften, mobilen Werkst\u00e4tten, Konstruktionswerkst\u00e4tten usw. verwendet.<\/p>\n<p>F\u00fcr andere Gase als Sauerstoff\/Acetylen, wenden Sie sich bitte an unseren technischen Kundendienst.<\/p>\n<p>Federangetriebene Twin-Haspeln, entwickelt f\u00fcr Sauerstoff- und Acetylen-Anwendungen mit Schlauchl\u00e4ngen von 8 Metern 1\/4\u2033 bis 30 Metern 3\/8\u2033.<br \/>Aufgrund ihrer kompakten Abmessungen werden diese Typen h\u00e4ufig in Wartungsabteilungen, mobilen Werkst\u00e4tten usw. verwendet.<\/p>\n<p>Alle federangetriebenen Twin-Haspeln verf\u00fcgen \u00fcber eine Blockiereinrichtung und einen verstellbaren Schlauchf\u00fchrer. Dies erm\u00f6glicht die Montage der Haspel auf dem Boden, an der Wand oder an der Decke.<br \/>Doppel-Schl\u00e4uche und entsprechende Doppel-Schlauchsto\u00dfstangen sind separat erh\u00e4ltlich und werden von unserem technischen Service f\u00fcr Sie montiert. F\u00fcr andere Gase, wenden Sie sich bitte an unseren technischen Service.<\/p>\n<p>[\/et_pb_blurb][et_pb_blurb title=&#8220;Feuerwehrhaspel&#8220; image=&#8220;https:\/\/pagotest.webproducten.eu\/wp-content\/uploads\/2024\/01\/RVS-haspel-2.jpeg&#8220; image_icon_width=&#8220;78%&#8220; _builder_version=&#8220;4.23.4&#8243; header_font=&#8220;Ubuntu||||||||&#8220; header_text_align=&#8220;center&#8220; header_font_size=&#8220;23px&#8220; header_letter_spacing=&#8220;1px&#8220; body_font=&#8220;||||||||&#8220; body_text_align=&#8220;justify&#8220; animation_direction=&#8220;left&#8220; image_max_width=&#8220;78%&#8220; global_colors_info=&#8220;{}&#8220;]<\/p>\n<p>Wenn die Feuerwehr zum Ort eines Brandes eilt, z\u00e4hlt jede Sekunde.<br \/>Das \u00d6ffnen der Luke, das Abrollen des Schlauchs und das L\u00f6schen des Brandes &#8211; das sind die Schl\u00fcsselw\u00f6rter f\u00fcr jeden Mann im Einsatz.<br \/>Es darf keine Gefahr geben, dass die Haspel blockiert und den Feuerwehrmann auf seinem Weg aus dem Inferno stoppt.<br \/>Mit unseren Haspeln besteht diese Gefahr nicht.<br \/>Die Schlauchhaspeln sind in der Regel im Fahrzeug eingebaut.<br \/>Aufgrund des modularen Systems des Haspelaufbaus k\u00f6nnen sie an praktisch jedem Teil des Feuerwehrfahrzeugs montiert werden.<br \/>Feuerl\u00f6schhaspeln sind Schlauchhaspeln, die speziell f\u00fcr Feuerbek\u00e4mpfungszwecke entwickelt wurden.<\/p>\n<p>Sie entsprechen vollst\u00e4ndig den relevanten europ\u00e4ischen Richtlinien und werden aufgrund ihrer bew\u00e4hrten Zuverl\u00e4ssigkeit in Feuerwehrfahrzeugen, Bohrplattformen, Flugh\u00e4fen, petrochemischen Industrien usw. eingesetzt.<\/p>\n<p>Die Haspeln werden sowohl in lackiertem Stahl als auch in rostfreiem Stahl geliefert.<\/p>\n<p>[\/et_pb_blurb][et_pb_blurb title=&#8220;Einzelne Wickler&#8220; image_icon_width=&#8220;78%&#8220; _builder_version=&#8220;4.23.4&#8243; header_font=&#8220;Ubuntu||||||||&#8220; header_text_align=&#8220;center&#8220; header_font_size=&#8220;23px&#8220; header_letter_spacing=&#8220;1px&#8220; body_font=&#8220;||||||||&#8220; body_text_align=&#8220;justify&#8220; animation_direction=&#8220;left&#8220; image_max_width=&#8220;78%&#8220; global_colors_info=&#8220;{}&#8220;]<\/p>\n<p>Single Wrap-Haspeln sind industrielle Haspeln, auf denen der Schlauch spiralf\u00f6rmig aufgerollt ist.<\/p>\n<p>Die spiralige Aufwicklung sorgt daf\u00fcr, dass der Schlauch beim Aufrollen nicht gef\u00fchrt werden muss.<\/p>\n<p>Meistens handelt es sich um gro\u00dfe L\u00e4ngen oder gro\u00dfe Durchmesser, die aufgerollt werden.<\/p>\n<p>Zum Beispiel: Ein Tankwagen, der Heiz\u00f6l bef\u00f6rdert und von einer Person bedient wird, kann die Aufgabe vollst\u00e4ndig eigenst\u00e4ndig erledigen.<\/p>\n<p>Der Schlauch wird nicht unn\u00f6tig belastet und h\u00e4lt viel l\u00e4nger.<\/p>\n<p>Die Haspeln werden sowohl aus lackiertem Stahl als auch aus Edelstahl geliefert.<\/p>\n<p>[\/et_pb_blurb][\/et_pb_column][\/et_pb_row][\/et_pb_section]<\/p>\n","protected":false},"excerpt":{"rendered":"<p>Schlauchaufroller Slanghaspels werden \u00fcberall industriell eingesetzt. Sie erleichtern die Arbeit.Was sind Schlauchhaspeln? &nbsp; Sobald eine Fl\u00fcssigkeit oder ein Gas \u00fcber eine kurze Strecke transportiert werden muss, wird oft eine Haspel gew\u00e4hlt. F\u00fcr jedes Gas oder jede Fl\u00fcssigkeit wird ein spezifischer Schlauch mit den entsprechenden Dichtungsmaterialien ben\u00f6tigt. Je nach Anwendung kann die Haspel mit verschiedenen Antrieben [&hellip;]<\/p>\n","protected":false},"author":1,"featured_media":0,"parent":0,"menu_order":0,"comment_status":"closed","ping_status":"closed","template":"","meta":{"_et_pb_use_builder":"on","_et_pb_old_content":"","_et_gb_content_width":"","footnotes":""},"_links":{"self":[{"href":"https:\/\/pagotest.webproducten.eu\/de\/wp-json\/wp\/v2\/pages\/320"}],"collection":[{"href":"https:\/\/pagotest.webproducten.eu\/de\/wp-json\/wp\/v2\/pages"}],"about":[{"href":"https:\/\/pagotest.webproducten.eu\/de\/wp-json\/wp\/v2\/types\/page"}],"author":[{"embeddable":true,"href":"https:\/\/pagotest.webproducten.eu\/de\/wp-json\/wp\/v2\/users\/1"}],"replies":[{"embeddable":true,"href":"https:\/\/pagotest.webproducten.eu\/de\/wp-json\/wp\/v2\/comments?post=320"}],"version-history":[{"count":5,"href":"https:\/\/pagotest.webproducten.eu\/de\/wp-json\/wp\/v2\/pages\/320\/revisions"}],"predecessor-version":[{"id":325,"href":"https:\/\/pagotest.webproducten.eu\/de\/wp-json\/wp\/v2\/pages\/320\/revisions\/325"}],"wp:attachment":[{"href":"https:\/\/pagotest.webproducten.eu\/de\/wp-json\/wp\/v2\/media?parent=320"}],"curies":[{"name":"wp","href":"https:\/\/api.w.org\/{rel}","templated":true}]}}