{"id":326,"date":"2023-12-18T13:28:27","date_gmt":"2023-12-18T13:28:27","guid":{"rendered":"https:\/\/pagotest.webproducten.eu\/lagerhaspeln\/"},"modified":"2024-04-12T10:36:23","modified_gmt":"2024-04-12T10:36:23","slug":"lagerhaspeln","status":"publish","type":"page","link":"https:\/\/pagotest.webproducten.eu\/de\/lagerhaspeln\/","title":{"rendered":"Lagerhaspeln"},"content":{"rendered":"<p>[et_pb_section fb_built=&#8220;1&#8243; next_background_color=&#8220;#ffffff&#8220; admin_label=&#8220;section&#8220; _builder_version=&#8220;4.24.2&#8243; background_color_gradient_direction=&#8220;270deg&#8220; background_color_gradient_stops=&#8220;#354b8d 0%|rgba(0,0,0,0) 100%&#8220; background_color_gradient_start=&#8220;#000000&#8243; background_color_gradient_end=&#8220;rgba(0,0,0,0)&#8220; background_image=&#8220;https:\/\/pagotest.webproducten.eu\/wp-content\/uploads\/2023\/12\/DSCN2132.jpeg&#8220; custom_padding=&#8220;100px||100px||true&#8220; bottom_divider_style=&#8220;ramp2&#8243; hover_enabled=&#8220;0&#8243; global_colors_info=&#8220;{}&#8220; sticky_enabled=&#8220;0&#8243;][et_pb_row column_structure=&#8220;2_3,1_3&#8243; module_class=&#8220; et_pb_row_fullwidth&#8220; _builder_version=&#8220;4.16&#8243; width=&#8220;89%&#8220; width_tablet=&#8220;80%&#8220; width_phone=&#8220;80%&#8220; width_last_edited=&#8220;on|desktop&#8220; max_width=&#8220;89%&#8220; max_width_tablet=&#8220;80%&#8220; max_width_phone=&#8220;80%&#8220; max_width_last_edited=&#8220;on|desktop&#8220; make_fullwidth=&#8220;on&#8220; global_colors_info=&#8220;{}&#8220;][et_pb_column type=&#8220;2_3&#8243; _builder_version=&#8220;4.16&#8243; custom_padding=&#8220;|||&#8220; global_colors_info=&#8220;{}&#8220; custom_padding__hover=&#8220;|||&#8220;][\/et_pb_column][et_pb_column type=&#8220;1_3&#8243; _builder_version=&#8220;4.16&#8243; custom_padding=&#8220;|||&#8220; global_colors_info=&#8220;{}&#8220; custom_padding__hover=&#8220;|||&#8220;][et_pb_text _builder_version=&#8220;4.16&#8243; header_font=&#8220;Ubuntu||||||||&#8220; header_text_align=&#8220;right&#8220; header_text_color=&#8220;#ff914d&#8220; header_font_size=&#8220;40px&#8220; header_letter_spacing=&#8220;1px&#8220; hover_enabled=&#8220;0&#8243; global_colors_info=&#8220;{}&#8220; sticky_enabled=&#8220;0&#8243; custom_margin=&#8220;||14px|||&#8220;]<\/p>\n<h1>Lagerhaspeln<\/h1>\n<p>[\/et_pb_text][et_pb_text _builder_version=&#8220;4.24.2&#8243; _module_preset=&#8220;default&#8220; hover_enabled=&#8220;0&#8243; sticky_enabled=&#8220;0&#8243; text_font=&#8220;|600|||||||&#8220; text_text_color=&#8220;#FFFFFF&#8220; text_orientation=&#8220;right&#8220;]<\/p>\n<p>Ein Lagerhaspel ist ein Muss, um Kabel und Leitungen ordentlich aufzubewahren.<\/p>\n<p>[\/et_pb_text][\/et_pb_column][\/et_pb_row][\/et_pb_section][et_pb_section fb_built=&#8220;1&#8243; _builder_version=&#8220;4.24.0&#8243; use_background_color_gradient=&#8220;off&#8220; global_colors_info=&#8220;{}&#8220;][et_pb_row _builder_version=&#8220;4.16&#8243; global_colors_info=&#8220;{}&#8220;][et_pb_column type=&#8220;4_4&#8243; _builder_version=&#8220;4.16&#8243; custom_padding=&#8220;|||&#8220; global_colors_info=&#8220;{}&#8220; custom_padding__hover=&#8220;|||&#8220;][et_pb_text _builder_version=&#8220;4.23.4&#8243; text_font=&#8220;Ubuntu||||||||&#8220; text_orientation=&#8220;center&#8220; global_colors_info=&#8220;{}&#8220;]<\/p>\n<h1><span>Was sind Lagertrommeln?<\/span><\/h1>\n<p><span><\/span><\/p>\n<p><span>Dieser Typ von Haspeln wird eingesetzt, wenn ein Schlauch, Kabel, Seil, Band, Drahtseil oder was auch immer aufgerollt und gelagert werden muss.<\/span><\/p>\n<p><span>Bei der Lagerhaspel muss das Kabel oder der Schlauch zuerst abgerollt werden, bevor die Verbindung mit dem Stromanschluss hergestellt wird.<\/span><span>Das Charakteristische an der Haspel ist, dass kein Anschlusskabel oder Anschlussschlauch an der Haspel befestigt ist.<\/span> <span>Als Antrieb wird in der Regel eine Kurbel oder eine Kurbel mit Getriebe verwendet. <\/span><span>Wenn das Kabel, der Schlauch oder das Seil zu schwer werden, wird das Auf- und Abrollen nicht mehr mit blo\u00dfer Handkraft m\u00f6glich sein. <\/span><span>Dann wechseln wir zu einem Antrieb, elektrisch, pneumatisch oder hydraulisch. <\/span><span>Dieser Typ von Haspel wird in allen Gr\u00f6\u00dfen gebaut. <\/span><\/p>\n<p>Diese Art des Aufrollens wird oft in Arbeitssituationen eingesetzt, in denen Mobilit\u00e4t eine gro\u00dfe Rolle spielt: Baustellen, Werften, mobile Werkst\u00e4tten usw.<\/p>\n<p>[\/et_pb_text][et_pb_button button_url=&#8220;https:\/\/haspel.expert\/nl\/&#8220; url_new_window=&#8220;on&#8220; button_text=&#8220;W\u00e4hlen Sie hier Ihre Trommel aus&#8220; button_alignment=&#8220;center&#8220; _builder_version=&#8220;4.16&#8243; global_colors_info=&#8220;{}&#8220; button_text_size__hover_enabled=&#8220;off&#8220; button_one_text_size__hover_enabled=&#8220;off&#8220; button_two_text_size__hover_enabled=&#8220;off&#8220; button_text_color__hover_enabled=&#8220;off&#8220; button_one_text_color__hover_enabled=&#8220;off&#8220; button_two_text_color__hover_enabled=&#8220;off&#8220; button_border_width__hover_enabled=&#8220;off&#8220; button_one_border_width__hover_enabled=&#8220;off&#8220; button_two_border_width__hover_enabled=&#8220;off&#8220; button_border_color__hover_enabled=&#8220;off&#8220; button_one_border_color__hover_enabled=&#8220;off&#8220; button_two_border_color__hover_enabled=&#8220;off&#8220; button_border_radius__hover_enabled=&#8220;off&#8220; button_one_border_radius__hover_enabled=&#8220;off&#8220; button_two_border_radius__hover_enabled=&#8220;off&#8220; button_letter_spacing__hover_enabled=&#8220;off&#8220; button_one_letter_spacing__hover_enabled=&#8220;off&#8220; button_two_letter_spacing__hover_enabled=&#8220;off&#8220; button_bg_color__hover_enabled=&#8220;off&#8220; button_one_bg_color__hover_enabled=&#8220;off&#8220; button_two_bg_color__hover_enabled=&#8220;off&#8220;][\/et_pb_button][\/et_pb_column][\/et_pb_row][et_pb_row _builder_version=&#8220;4.16&#8243; global_colors_info=&#8220;{}&#8220;][et_pb_column type=&#8220;4_4&#8243; _builder_version=&#8220;4.16&#8243; custom_padding=&#8220;|||&#8220; global_colors_info=&#8220;{}&#8220; custom_padding__hover=&#8220;|||&#8220;][et_pb_gallery gallery_ids=&#8220;89,88,90,40&#8243; posts_number=&#8220;5&#8243; show_title_and_caption=&#8220;off&#8220; show_pagination=&#8220;off&#8220; _builder_version=&#8220;4.23.4&#8243; caption_font=&#8220;||||||||&#8220; pagination_font=&#8220;||||||||&#8220; global_colors_info=&#8220;{}&#8220;][\/et_pb_gallery][\/et_pb_column][\/et_pb_row][\/et_pb_section]<\/p>\n","protected":false},"excerpt":{"rendered":"<p>LagerhaspelnEin Lagerhaspel ist ein Muss, um Kabel und Leitungen ordentlich aufzubewahren.Was sind Lagertrommeln? Dieser Typ von Haspeln wird eingesetzt, wenn ein Schlauch, Kabel, Seil, Band, Drahtseil oder was auch immer aufgerollt und gelagert werden muss. Bei der Lagerhaspel muss das Kabel oder der Schlauch zuerst abgerollt werden, bevor die Verbindung mit dem Stromanschluss hergestellt wird.Das [&hellip;]<\/p>\n","protected":false},"author":1,"featured_media":0,"parent":0,"menu_order":0,"comment_status":"closed","ping_status":"closed","template":"","meta":{"_et_pb_use_builder":"on","_et_pb_old_content":"","_et_gb_content_width":"","footnotes":""},"_links":{"self":[{"href":"https:\/\/pagotest.webproducten.eu\/de\/wp-json\/wp\/v2\/pages\/326"}],"collection":[{"href":"https:\/\/pagotest.webproducten.eu\/de\/wp-json\/wp\/v2\/pages"}],"about":[{"href":"https:\/\/pagotest.webproducten.eu\/de\/wp-json\/wp\/v2\/types\/page"}],"author":[{"embeddable":true,"href":"https:\/\/pagotest.webproducten.eu\/de\/wp-json\/wp\/v2\/users\/1"}],"replies":[{"embeddable":true,"href":"https:\/\/pagotest.webproducten.eu\/de\/wp-json\/wp\/v2\/comments?post=326"}],"version-history":[{"count":2,"href":"https:\/\/pagotest.webproducten.eu\/de\/wp-json\/wp\/v2\/pages\/326\/revisions"}],"predecessor-version":[{"id":328,"href":"https:\/\/pagotest.webproducten.eu\/de\/wp-json\/wp\/v2\/pages\/326\/revisions\/328"}],"wp:attachment":[{"href":"https:\/\/pagotest.webproducten.eu\/de\/wp-json\/wp\/v2\/media?parent=326"}],"curies":[{"name":"wp","href":"https:\/\/api.w.org\/{rel}","templated":true}]}}